{"id":137,"date":"2024-12-02T00:59:07","date_gmt":"2024-12-02T05:59:07","guid":{"rendered":"https:\/\/jmindustrias.com\/?page_id=137"},"modified":"2025-03-11T20:10:41","modified_gmt":"2025-03-12T01:10:41","slug":"solucionesparapanaderia-contacto","status":"publish","type":"page","link":"https:\/\/jmindustrias.com\/?page_id=137","title":{"rendered":"Contacto"},"content":{"rendered":"\n<div class=\"wp-block-stackable-heading stk-block-heading stk-block-heading--v2 stk-block stk-e5941af\" id=\"soluciones-para-panaderia\" data-block-id=\"e5941af\"><style>.stk-e5941af .stk-block-heading__text{font-size:95px !important;color:var(--theme-palette-color-4, #192a3d) !important;}@media screen and (max-width:999px){.stk-e5941af .stk-block-heading__text{font-size:50px !important;}}<\/style><h2 class=\"stk-block-heading__text has-text-color has-text-align-center\">Soluciones para Panader\u00eda<\/h2><\/div>\n\n\n\n<div class=\"wp-block-stackable-columns alignfull stk-block-columns stk-block stk-35d1f23\" data-block-id=\"35d1f23\"><div class=\"stk-row stk-inner-blocks stk-block-content stk-content-align stk-35d1f23-column alignfull\">\n<div class=\"wp-block-stackable-column stk-block-column stk-column stk-block stk-5522f51 stk-block-background stk--has-background-overlay\" data-v=\"4\" data-block-id=\"5522f51\"><style>.stk-5522f51 {background-color:var(--theme-palette-color-4, #192a3d) !important;background-image:url(https:\/\/jmindustrias.com\/wp-content\/uploads\/2024\/12\/fondo_contacto-06-06-1-scaled.webp) !important;padding-top:90px !important;padding-right:250px !important;padding-bottom:90px !important;padding-left:250px !important;}.stk-5522f51:before{background-color:var(--theme-palette-color-4, #192a3d) !important;opacity:0.5 !important;}@media screen and (max-width:999px){.stk-5522f51 {padding-right:100px !important;padding-left:100px !important;}}@media screen and (max-width:689px){.stk-5522f51 {padding-right:10px !important;padding-left:10px !important;}}<\/style><div class=\"stk-column-wrapper stk-block-column__content stk-container stk-5522f51-container stk--no-background stk--no-padding\"><div class=\"stk-block-content stk-inner-blocks stk-5522f51-inner-blocks\">\n<div class=\"wp-block-stackable-columns stk-block-columns stk-block stk-bcc59cc\" data-block-id=\"bcc59cc\"><style>.stk-bcc59cc {margin-bottom:0px !important;}<\/style><div class=\"stk-row stk-inner-blocks stk-block-content stk-content-align stk-bcc59cc-column\">\n<div class=\"wp-block-stackable-column stk-block-column stk-column stk-block stk-8077582\" data-v=\"4\" data-block-id=\"8077582\"><div class=\"stk-column-wrapper stk-block-column__content stk-container stk-8077582-container stk--no-background stk--no-padding\"><div class=\"stk-block-content stk-inner-blocks stk-8077582-inner-blocks\">\n<div class=\"wp-block-stackable-heading stk-block-heading stk-block-heading--v2 stk-block stk-039ae52 stk-block-background\" id=\"formulario-de-contacto\" data-block-id=\"039ae52\"><style>.stk-039ae52 {background-color:var(--theme-palette-color-8, #ffffff) !important;padding-right:300px !important;padding-left:300px !important;}.stk-039ae52:before{background-color:var(--theme-palette-color-8, #ffffff) !important;}.stk-039ae52 .stk-block-heading__text{font-size:120px !important;color:var(--theme-palette-color-4, #192a3d) !important;line-height:0.8em !important;}@media screen and (max-width:999px){.stk-039ae52 {padding-right:0px !important;padding-left:0px !important;}.stk-039ae52 .stk-block-heading__text{font-size:50px !important;}}@media screen and (max-width:689px){.stk-039ae52 {padding-right:0px !important;padding-left:0px !important;}}<\/style><h2 class=\"stk-block-heading__text has-text-color has-text-align-center\">FORMULARIO DE CONTACTO<\/h2><\/div>\n<\/div><\/div><\/div>\n<\/div><\/div>\n\n\n\n<div class=\"wp-block-stackable-columns stk-block-columns stk-block stk-45ed925\" data-block-id=\"45ed925\"><style>.stk-45ed925 {margin-bottom:32px !important;}<\/style><div class=\"stk-row stk-inner-blocks stk-block-content stk-content-align stk-45ed925-column\">\n<div class=\"wp-block-stackable-column stk-block-column stk-column stk-block stk-b543700 stk-block-background\" data-v=\"4\" data-block-id=\"b543700\"><style>.stk-b543700 {background-color:#ffffff !important;padding-right:169px !important;padding-left:169px !important;margin-top:-16px !important;}.stk-b543700:before{background-color:#ffffff !important;}@media screen and (max-width:999px){.stk-b543700 {padding-right:0px !important;padding-left:0px !important;}}@media screen and (max-width:689px){.stk-b543700 {padding-right:5px !important;padding-left:5px !important;}}<\/style><div class=\"stk-column-wrapper stk-block-column__content stk-container stk-b543700-container stk--no-background stk--no-padding\"><div class=\"stk-block-content stk-inner-blocks stk-b543700-inner-blocks\">\n<div class=\"forminator-guttenberg\"><div class=\"forminator-ui forminator-custom-form forminator-custom-form-293 forminator-design--material  forminator_ajax\" data-forminator-render=\"0\" data-form=\"forminator-module-293\" data-uid=\"69e15cd6d15b2\"><br\/><\/div><form\n\t\t\t\tid=\"forminator-module-293\"\n\t\t\t\tclass=\"forminator-ui forminator-custom-form forminator-custom-form-293 forminator-design--material  forminator_ajax\"\n\t\t\t\tmethod=\"post\"\n\t\t\t\tdata-forminator-render=\"0\"\n\t\t\t\tdata-form-id=\"293\"\n\t\t\t\t data-color-option=\"theme\" data-design=\"material\" data-grid=\"open\" style=\"display: none;\"\n\t\t\t\tdata-uid=\"69e15cd6d15b2\"\n\t\t\t><div role=\"alert\" aria-live=\"polite\" class=\"forminator-response-message forminator-error\" aria-hidden=\"true\"><\/div><div class=\"forminator-row\"><div id=\"name-1\" class=\"forminator-field-name forminator-col forminator-col-12 \"><div class=\"forminator-field\"><label for=\"forminator-field-name-1_69e15cd6d15b2\" id=\"forminator-field-name-1_69e15cd6d15b2-label\" class=\"forminator-label\">Nombre <span class=\"forminator-required\">*<\/span><\/label><input type=\"text\" name=\"name-1\" value=\"\" placeholder=\"Nombre\" id=\"forminator-field-name-1_69e15cd6d15b2\" class=\"forminator-input forminator-name--field\" aria-required=\"true\" autocomplete=\"name\" \/><\/div><\/div><\/div><div class=\"forminator-row\"><div id=\"phone-1\" class=\"forminator-field-phone forminator-col forminator-col-12 \"><div class=\"forminator-field\"><label for=\"forminator-field-phone-1_69e15cd6d15b2\" id=\"forminator-field-phone-1_69e15cd6d15b2-label\" class=\"forminator-label\">Tel\u00e9fono<\/label><input type=\"text\" name=\"phone-1\" value=\"\" placeholder=\"Ejemplo: 300 400 5000\" id=\"forminator-field-phone-1_69e15cd6d15b2\" class=\"forminator-input forminator-field--phone\" data-required=\"\" aria-required=\"false\" autocomplete=\"off\" \/><\/div><\/div><\/div><div class=\"forminator-row\"><div id=\"email-1\" class=\"forminator-field-email forminator-col forminator-col-12 \"><div class=\"forminator-field\"><label for=\"forminator-field-email-1_69e15cd6d15b2\" id=\"forminator-field-email-1_69e15cd6d15b2-label\" class=\"forminator-label\">Correo electr\u00f3nico <span class=\"forminator-required\">*<\/span><\/label><input type=\"email\" name=\"email-1\" value=\"\" placeholder=\"Correo electr\u00f3nico\" id=\"forminator-field-email-1_69e15cd6d15b2\" class=\"forminator-input forminator-email--field\" data-required=\"1\" aria-required=\"true\" autocomplete=\"email\" \/><\/div><\/div><\/div><div class=\"forminator-row\"><div id=\"consent-1\" class=\"forminator-field-consent forminator-col forminator-col-12 \"><div class=\"forminator-field\"><div class=\"forminator-checkbox__wrapper\"><label id=\"forminator-field-consent-1_69e15cd6d15b2__label\" class=\"forminator-checkbox forminator-consent\" aria-labelledby=\"forminator-field-consent-1_69e15cd6d15b2-label\"><input type=\"checkbox\" name=\"consent-1\" id=\"forminator-field-consent-1_69e15cd6d15b2\" value=\"checked\" aria-labelledby=\"forminator-field-consent-1_69e15cd6d15b2-label\" aria-describedby=\"forminator-field-consent-1_69e15cd6d15b2__description\" data-required=\"true\" aria-required=\"true\" \/><span class=\"forminator-checkbox-box\" aria-hidden=\"true\"><\/span><\/label><div id=\"forminator-field-consent-1_69e15cd6d15b2__description\" class=\"forminator-checkbox__label forminator-consent__label\"><p>S\u00ed, autorizo el tratamiento de mis datos personales conforme la pol\u00edtica de tratamiento de la informaci\u00f3n. <a href=\"https:\/\/jmindustrias.com\/?page_id=491\">Ver aviso de privacidad.<\/a><\/p><\/div><\/div><\/div><\/div><\/div><div class=\"forminator-row\"><div id=\"captcha-1\" class=\"forminator-field-captcha forminator-col forminator-col-12 \"><div class=\"forminator-captcha-left forminator-g-recaptcha\" data-theme=\"light\"  data-sitekey=\"6LcgPrEqAAAAAINZj21r2FcYim4AFsA-c343QH44\" data-size=\"normal\"><\/div> <\/div><\/div><input type=\"hidden\" name=\"referer_url\" value=\"\" \/><div class=\"forminator-row forminator-row-last\"><div class=\"forminator-col\"><div class=\"forminator-field\"><button class=\"forminator-button forminator-button-submit\"><span>Quiero m&aacute;s informaci&oacute;n<\/span><span aria-hidden=\"true\"><\/span><\/button><\/div><\/div><\/div><input type=\"hidden\" id=\"forminator_nonce\" name=\"forminator_nonce\" value=\"0b67f3a375\" \/><input type=\"hidden\" name=\"_wp_http_referer\" value=\"\/index.php?rest_route=%2Fwp%2Fv2%2Fpages%2F137\" \/><input type=\"hidden\" name=\"form_id\" value=\"293\"><input type=\"hidden\" name=\"page_id\" value=\"137\"><input type=\"hidden\" name=\"form_type\" value=\"default\"><input type=\"hidden\" name=\"current_url\" value=\"https:\/\/jmindustrias.com\/?page_id=137\"><input type=\"hidden\" name=\"render_id\" value=\"0\"><input type=\"hidden\" name=\"action\" value=\"forminator_submit_form_custom-forms\"><\/form><\/div>\n<\/div><\/div><\/div>\n<\/div><\/div>\n<\/div><\/div><\/div>\n<\/div><\/div>\n\n\n\n<div class=\"wp-block-stackable-columns alignfull stk-block-columns stk-block stk-e1ecfe9\" data-block-id=\"e1ecfe9\"><style>.stk-e1ecfe9 {margin-top:-24px !important;margin-bottom:0px !important;}<\/style><div class=\"stk-row stk-inner-blocks stk-block-content stk-content-align stk-e1ecfe9-column alignfull\">\n<div class=\"wp-block-stackable-column stk-block-column stk-column stk-block stk-0b15e95\" data-v=\"4\" data-block-id=\"0b15e95\"><style>.stk-0b15e95 {min-height:504px !important;}<\/style><div class=\"stk-column-wrapper stk-block-column__content stk-container stk-0b15e95-container stk--no-background stk--no-padding\"><div class=\"stk-block-content stk-inner-blocks stk-0b15e95-inner-blocks\">\n<div class=\"wp-block-stackable-map stk-block-map stk-block stk-c95df4d\" data-block-id=\"c95df4d\"><style>.stk-c95df4d .stk-block-map__canvas, .stk-c95df4d iframe{height:624px !important;}<\/style><iframe\n\t\t\t\t\t\ttitle=\"Embedded content from Google Maps Platform.\"\n\t\t\t\t\t\tsrc=\"https:\/\/maps.google.com\/maps?q=bogota, barrio andalucia, Carrera 81f no 13D-16&#038;t=&#038;z=18&#038;ie=UTF8&#038;output=embed\"\n\t\t\t\t\t\tstyle=\"border:0;width:100%;max-width:none;max-height:none;height:100%;\"\n\t\t\t\t\t\taria-hidden=\"false\"\n\t\t\t\t\t\ttabIndex=\"0\"\n\t\t\t\t\t\tallowfullscreen\n\t\t\t\t\t\tloading=\"lazy\"\n\t\t\t\t\t\tframeBorder=\"0\"\n\t\t\t\t\t><\/iframe><\/div>\n<\/div><\/div><\/div>\n<\/div><\/div>\n","protected":false},"excerpt":{"rendered":"<p>Soluciones para Panader\u00eda FORMULARIO DE CONTACTO<\/p>\n","protected":false},"author":1,"featured_media":0,"parent":0,"menu_order":0,"comment_status":"closed","ping_status":"closed","template":"","meta":{"footnotes":""},"class_list":["post-137","page","type-page","status-publish","hentry"],"blocksy_meta":{"has_hero_section":"disabled","styles_descriptor":{"styles":{"desktop":"","tablet":"","mobile":""},"google_fonts":[],"version":6}},"_links":{"self":[{"href":"https:\/\/jmindustrias.com\/index.php?rest_route=\/wp\/v2\/pages\/137","targetHints":{"allow":["GET"]}}],"collection":[{"href":"https:\/\/jmindustrias.com\/index.php?rest_route=\/wp\/v2\/pages"}],"about":[{"href":"https:\/\/jmindustrias.com\/index.php?rest_route=\/wp\/v2\/types\/page"}],"author":[{"embeddable":true,"href":"https:\/\/jmindustrias.com\/index.php?rest_route=\/wp\/v2\/users\/1"}],"replies":[{"embeddable":true,"href":"https:\/\/jmindustrias.com\/index.php?rest_route=%2Fwp%2Fv2%2Fcomments&post=137"}],"version-history":[{"count":45,"href":"https:\/\/jmindustrias.com\/index.php?rest_route=\/wp\/v2\/pages\/137\/revisions"}],"predecessor-version":[{"id":658,"href":"https:\/\/jmindustrias.com\/index.php?rest_route=\/wp\/v2\/pages\/137\/revisions\/658"}],"wp:attachment":[{"href":"https:\/\/jmindustrias.com\/index.php?rest_route=%2Fwp%2Fv2%2Fmedia&parent=137"}],"curies":[{"name":"wp","href":"https:\/\/api.w.org\/{rel}","templated":true}]}}