{"id":491,"date":"2024-12-28T10:54:16","date_gmt":"2024-12-28T15:54:16","guid":{"rendered":"https:\/\/jmindustrias.com\/?page_id=491"},"modified":"2024-12-28T10:56:01","modified_gmt":"2024-12-28T15:56:01","slug":"aviso-de-privacidad","status":"publish","type":"page","link":"https:\/\/jmindustrias.com\/?page_id=491","title":{"rendered":"Aviso de privacidad"},"content":{"rendered":"\n<div class=\"wp-block-stackable-image stk-block-image stk-block stk-6eda169\" data-block-id=\"6eda169\"><style>.stk-6eda169 .stk-img-wrapper{width:22% !important;height:282px !important;}<\/style><figure><span class=\"stk-img-wrapper stk-image--shape-stretch\"><img loading=\"lazy\" decoding=\"async\" class=\"stk-img wp-image-150\" src=\"https:\/\/jmindustrias.com\/wp-content\/uploads\/2024\/12\/favicon-01.svg\" width=\"145\" height=\"145\"\/><\/span><\/figure><\/div>\n\n\n\n<div class=\"wp-block-stackable-columns stk-block-columns stk-block stk-699a60c\" data-block-id=\"699a60c\"><div class=\"stk-row stk-inner-blocks stk-block-content stk-content-align stk-699a60c-column\">\n<div class=\"wp-block-stackable-column stk-block-column stk-column stk-block stk-25e87b4\" data-v=\"4\" data-block-id=\"25e87b4\"><div class=\"stk-column-wrapper stk-block-column__content stk-container stk-25e87b4-container stk--no-background stk--no-padding\"><div class=\"stk-block-content stk-inner-blocks stk-25e87b4-inner-blocks\">\n<p class=\"has-text-align-center\">Industrias JM, NIT: 79578767-9<\/p>\n\n\n\n<p>Autorizaci\u00f3n para el Tratamiento de Datos Personales<\/p>\n\n\n\n<p>En cumplimiento de lo dispuesto en la Ley 1581 de 2012 y dem\u00e1s normas concordantes, autorizo de manera libre, previa, expresa, voluntaria e informada a Industrias JM, identificada con NIT 79578767-9, para que realice el tratamiento de mis datos personales conforme a los siguientes prop\u00f3sitos:<\/p>\n\n\n\n<p>1. Enviar informaci\u00f3n sobre promociones, novedades, nuevos proyectos y productos relacionados con Industrias JM.<\/p>\n\n\n\n<p>2. Realizar llamadas telef\u00f3nicas con fines comerciales, promocionales y de encuestas de satisfacci\u00f3n.<\/p>\n\n\n\n<p>Como titular de los datos personales, tengo derecho a:<\/p>\n\n\n\n<p>a) Conocer, actualizar y rectificar mis datos personales frente a Industrias JM como responsable del tratamiento. b) Solicitar prueba de la autorizaci\u00f3n otorgada.<\/p>\n\n\n\n<p>c) Ser informado, previa solicitud, del uso que se ha dado a mis datos personales.<\/p>\n\n\n\n<p>d) Presentar quejas ante la Superintendencia de Industria y Comercio por infracciones a lo dispuesto en la Ley 1581 de 2012. e) Revocar la autorizaci\u00f3n y\/o solicitar la supresi\u00f3n de los datos cuando en el tratamiento no se respeten los principios, derechos y garant\u00edas constitucionales y legales.f) Acceder de forma gratuita a mis datos personales que hayan sido objeto de tratamiento.<\/p>\n\n\n\n<p>Responsable del Tratamiento:<\/p>\n\n\n\n<p>Nombre: Industrias JM NIT: 79578767-9 Direcci\u00f3n: Carrera 81f # 13d &#8211; 16, Barrio Andaluc\u00eda, Bogot\u00e1.Correo electr\u00f3nico: <a href=\"mailto:industriasjm15@gmail.com\">industriasjm15@gmail.com<\/a> Tel\u00e9fono: 310 3068247<\/p>\n\n\n\n<p>Industrias JM conservar\u00e1 la informaci\u00f3n con la debida diligencia y conforme a las pol\u00edticas de tratamiento de informaci\u00f3n, las cuales podr\u00e1n ser consultadas solicit\u00e1ndoles al correo electr\u00f3nico indicado anteriormente. Con la firma del presente documento, manifiesto que he sido informado de los derechos que me asisten como titular de los datos personales y de las finalidades para las cuales ser\u00e1n utilizados mis datos. Adem\u00e1s, declaro que la informaci\u00f3n suministrada es veraz, completa y actualizada.<\/p>\n<\/div><\/div><\/div>\n<\/div><\/div>\n\n\n\n<p><\/p>\n","protected":false},"excerpt":{"rendered":"<p>Industrias JM, NIT: 79578767-9 Autorizaci\u00f3n para el Tratamiento de Datos Personales En cumplimiento de lo dispuesto en la Ley 1581 de 2012 y dem\u00e1s normas concordantes, autorizo de manera libre, previa, expresa, voluntaria e informada a Industrias JM, identificada con NIT 79578767-9, para que realice el tratamiento de mis datos personales conforme a los siguientes [&hellip;]<\/p>\n","protected":false},"author":1,"featured_media":0,"parent":0,"menu_order":0,"comment_status":"closed","ping_status":"closed","template":"","meta":{"footnotes":""},"class_list":["post-491","page","type-page","status-publish","hentry"],"blocksy_meta":[],"_links":{"self":[{"href":"https:\/\/jmindustrias.com\/index.php?rest_route=\/wp\/v2\/pages\/491","targetHints":{"allow":["GET"]}}],"collection":[{"href":"https:\/\/jmindustrias.com\/index.php?rest_route=\/wp\/v2\/pages"}],"about":[{"href":"https:\/\/jmindustrias.com\/index.php?rest_route=\/wp\/v2\/types\/page"}],"author":[{"embeddable":true,"href":"https:\/\/jmindustrias.com\/index.php?rest_route=\/wp\/v2\/users\/1"}],"replies":[{"embeddable":true,"href":"https:\/\/jmindustrias.com\/index.php?rest_route=%2Fwp%2Fv2%2Fcomments&post=491"}],"version-history":[{"count":2,"href":"https:\/\/jmindustrias.com\/index.php?rest_route=\/wp\/v2\/pages\/491\/revisions"}],"predecessor-version":[{"id":493,"href":"https:\/\/jmindustrias.com\/index.php?rest_route=\/wp\/v2\/pages\/491\/revisions\/493"}],"wp:attachment":[{"href":"https:\/\/jmindustrias.com\/index.php?rest_route=%2Fwp%2Fv2%2Fmedia&parent=491"}],"curies":[{"name":"wp","href":"https:\/\/api.w.org\/{rel}","templated":true}]}}